{"id":435,"date":"2023-07-26T23:42:50","date_gmt":"2023-07-26T21:42:50","guid":{"rendered":"https:\/\/www.chateau-cheval-blanc.com\/?page_id=435"},"modified":"2025-02-07T09:40:51","modified_gmt":"2025-02-07T08:40:51","slug":"accueil","status":"publish","type":"page","link":"https:\/\/www.chateau-cheval-blanc.com\/en\/","title":{"rendered":"Home"},"content":{"rendered":"","protected":false},"excerpt":{"rendered":"","protected":false},"author":1,"featured_media":0,"parent":0,"menu_order":0,"comment_status":"closed","ping_status":"closed","template":"","meta":{"_acf_changed":false,"footnotes":""},"class_list":["post-435","page","type-page","status-publish","hentry"],"acf":[],"yoast_head":"<!-- This site is optimized with the Yoast SEO plugin v27.5 - https:\/\/yoast.com\/product\/yoast-seo-wordpress\/ -->\n<title>Ch\u00e2teau Cheval Blanc &#8226; Saint-\u00c9milion<\/title>\n<meta name=\"description\" content=\"Premier Grand Cru Class\u00e9 A since 1954, when the wines of Saint-Emilion were first classified by INOA (Institut National des Appellations d\u2019Origine), Ch\u00e2teau Cheval Blanc has made its name as one of the world\u2019s greatest wines. Its grace, alchemy and elegance are the incarnation of refined French sophistication of unparalleled quality.\" \/>\n<meta name=\"robots\" content=\"index, follow, max-snippet:-1, max-image-preview:large, max-video-preview:-1\" \/>\n<link rel=\"canonical\" href=\"https:\/\/www.chateau-cheval-blanc.com\/en\/\" \/>\n<meta property=\"og:locale\" content=\"en_US\" \/>\n<meta property=\"og:type\" content=\"article\" \/>\n<meta property=\"og:title\" content=\"Ch\u00e2teau Cheval Blanc &#8226; Saint-\u00c9milion\" \/>\n<meta property=\"og:description\" content=\"Premier Grand Cru Class\u00e9 A since 1954, when the wines of Saint-Emilion were first classified by INOA (Institut National des Appellations d\u2019Origine), Ch\u00e2teau Cheval Blanc has made its name as one of the world\u2019s greatest wines. Its grace, alchemy and elegance are the incarnation of refined French sophistication of unparalleled quality.\" \/>\n<meta property=\"og:url\" content=\"https:\/\/www.chateau-cheval-blanc.com\/en\/\" \/>\n<meta property=\"og:site_name\" content=\"Ch\u00e2teau Cheval Blanc\" \/>\n<meta property=\"article:modified_time\" content=\"2025-02-07T08:40:51+00:00\" \/>\n<meta property=\"og:image\" content=\"https:\/\/www.chateau-cheval-blanc.com\/wp-content\/uploads\/2023\/11\/chateau-cheval-blanc-le-petit-cheval-la-vignoble.jpg\" \/>\n\t<meta property=\"og:image:width\" content=\"1920\" \/>\n\t<meta property=\"og:image:height\" content=\"1280\" \/>\n\t<meta property=\"og:image:type\" content=\"image\/jpeg\" \/>\n<meta name=\"twitter:card\" content=\"summary_large_image\" \/>\n<script type=\"application\/ld+json\" class=\"yoast-schema-graph\">{\"@context\":\"https:\\\/\\\/schema.org\",\"@graph\":[{\"@type\":\"WebPage\",\"@id\":\"https:\\\/\\\/www.chateau-cheval-blanc.com\\\/en\\\/\",\"url\":\"https:\\\/\\\/www.chateau-cheval-blanc.com\\\/en\\\/\",\"name\":\"Ch\u00e2teau Cheval Blanc &#8226; Saint-\u00c9milion\",\"isPartOf\":{\"@id\":\"https:\\\/\\\/www.chateau-cheval-blanc.com\\\/#website\"},\"datePublished\":\"2023-07-26T21:42:50+00:00\",\"dateModified\":\"2025-02-07T08:40:51+00:00\",\"description\":\"Premier Grand Cru Class\u00e9 A since 1954, when the wines of Saint-Emilion were first classified by INOA (Institut National des Appellations d\u2019Origine), Ch\u00e2teau Cheval Blanc has made its name as one of the world\u2019s greatest wines. Its grace, alchemy and elegance are the incarnation of refined French sophistication of unparalleled quality.\",\"breadcrumb\":{\"@id\":\"https:\\\/\\\/www.chateau-cheval-blanc.com\\\/en\\\/#breadcrumb\"},\"inLanguage\":\"en-US\",\"potentialAction\":[{\"@type\":\"ReadAction\",\"target\":[\"https:\\\/\\\/www.chateau-cheval-blanc.com\\\/en\\\/\"]}]},{\"@type\":\"BreadcrumbList\",\"@id\":\"https:\\\/\\\/www.chateau-cheval-blanc.com\\\/en\\\/#breadcrumb\",\"itemListElement\":[{\"@type\":\"ListItem\",\"position\":1,\"name\":\"Accueil\",\"item\":\"https:\\\/\\\/www.chateau-cheval-blanc.com\\\/en\\\/\"},{\"@type\":\"ListItem\",\"position\":2,\"name\":\"Home\"}]},{\"@type\":\"WebSite\",\"@id\":\"https:\\\/\\\/www.chateau-cheval-blanc.com\\\/#website\",\"url\":\"https:\\\/\\\/www.chateau-cheval-blanc.com\\\/\",\"name\":\"Ch\u00e2teau Cheval Blanc\",\"description\":\"Saint-\u00c9milion\",\"publisher\":{\"@id\":\"https:\\\/\\\/www.chateau-cheval-blanc.com\\\/#organization\"},\"potentialAction\":[{\"@type\":\"SearchAction\",\"target\":{\"@type\":\"EntryPoint\",\"urlTemplate\":\"https:\\\/\\\/www.chateau-cheval-blanc.com\\\/?s={search_term_string}\"},\"query-input\":{\"@type\":\"PropertyValueSpecification\",\"valueRequired\":true,\"valueName\":\"search_term_string\"}}],\"inLanguage\":\"en-US\"},{\"@type\":\"Organization\",\"@id\":\"https:\\\/\\\/www.chateau-cheval-blanc.com\\\/#organization\",\"name\":\"Ch\u00e2teau Cheval Blanc\",\"url\":\"https:\\\/\\\/www.chateau-cheval-blanc.com\\\/\",\"logo\":{\"@type\":\"ImageObject\",\"inLanguage\":\"en-US\",\"@id\":\"https:\\\/\\\/www.chateau-cheval-blanc.com\\\/#\\\/schema\\\/logo\\\/image\\\/\",\"url\":\"https:\\\/\\\/www.chateau-cheval-blanc.com\\\/wp-content\\\/uploads\\\/2023\\\/07\\\/logo_dark.svg\",\"contentUrl\":\"https:\\\/\\\/www.chateau-cheval-blanc.com\\\/wp-content\\\/uploads\\\/2023\\\/07\\\/logo_dark.svg\",\"width\":274,\"height\":42,\"caption\":\"Ch\u00e2teau Cheval Blanc\"},\"image\":{\"@id\":\"https:\\\/\\\/www.chateau-cheval-blanc.com\\\/#\\\/schema\\\/logo\\\/image\\\/\"}}]}<\/script>\n<!-- \/ Yoast SEO plugin. -->","yoast_head_json":{"title":"Ch\u00e2teau Cheval Blanc &#8226; Saint-\u00c9milion","description":"Premier Grand Cru Class\u00e9 A since 1954, when the wines of Saint-Emilion were first classified by INOA (Institut National des Appellations d\u2019Origine), Ch\u00e2teau Cheval Blanc has made its name as one of the world\u2019s greatest wines. Its grace, alchemy and elegance are the incarnation of refined French sophistication of unparalleled quality.","robots":{"index":"index","follow":"follow","max-snippet":"max-snippet:-1","max-image-preview":"max-image-preview:large","max-video-preview":"max-video-preview:-1"},"canonical":"https:\/\/www.chateau-cheval-blanc.com\/en\/","og_locale":"en_US","og_type":"article","og_title":"Ch\u00e2teau Cheval Blanc &#8226; Saint-\u00c9milion","og_description":"Premier Grand Cru Class\u00e9 A since 1954, when the wines of Saint-Emilion were first classified by INOA (Institut National des Appellations d\u2019Origine), Ch\u00e2teau Cheval Blanc has made its name as one of the world\u2019s greatest wines. Its grace, alchemy and elegance are the incarnation of refined French sophistication of unparalleled quality.","og_url":"https:\/\/www.chateau-cheval-blanc.com\/en\/","og_site_name":"Ch\u00e2teau Cheval Blanc","article_modified_time":"2025-02-07T08:40:51+00:00","og_image":[{"width":1920,"height":1280,"url":"https:\/\/www.chateau-cheval-blanc.com\/wp-content\/uploads\/2023\/11\/chateau-cheval-blanc-le-petit-cheval-la-vignoble.jpg","type":"image\/jpeg"}],"twitter_card":"summary_large_image","schema":{"@context":"https:\/\/schema.org","@graph":[{"@type":"WebPage","@id":"https:\/\/www.chateau-cheval-blanc.com\/en\/","url":"https:\/\/www.chateau-cheval-blanc.com\/en\/","name":"Ch\u00e2teau Cheval Blanc &#8226; Saint-\u00c9milion","isPartOf":{"@id":"https:\/\/www.chateau-cheval-blanc.com\/#website"},"datePublished":"2023-07-26T21:42:50+00:00","dateModified":"2025-02-07T08:40:51+00:00","description":"Premier Grand Cru Class\u00e9 A since 1954, when the wines of Saint-Emilion were first classified by INOA (Institut National des Appellations d\u2019Origine), Ch\u00e2teau Cheval Blanc has made its name as one of the world\u2019s greatest wines. Its grace, alchemy and elegance are the incarnation of refined French sophistication of unparalleled quality.","breadcrumb":{"@id":"https:\/\/www.chateau-cheval-blanc.com\/en\/#breadcrumb"},"inLanguage":"en-US","potentialAction":[{"@type":"ReadAction","target":["https:\/\/www.chateau-cheval-blanc.com\/en\/"]}]},{"@type":"BreadcrumbList","@id":"https:\/\/www.chateau-cheval-blanc.com\/en\/#breadcrumb","itemListElement":[{"@type":"ListItem","position":1,"name":"Accueil","item":"https:\/\/www.chateau-cheval-blanc.com\/en\/"},{"@type":"ListItem","position":2,"name":"Home"}]},{"@type":"WebSite","@id":"https:\/\/www.chateau-cheval-blanc.com\/#website","url":"https:\/\/www.chateau-cheval-blanc.com\/","name":"Ch\u00e2teau Cheval Blanc","description":"Saint-\u00c9milion","publisher":{"@id":"https:\/\/www.chateau-cheval-blanc.com\/#organization"},"potentialAction":[{"@type":"SearchAction","target":{"@type":"EntryPoint","urlTemplate":"https:\/\/www.chateau-cheval-blanc.com\/?s={search_term_string}"},"query-input":{"@type":"PropertyValueSpecification","valueRequired":true,"valueName":"search_term_string"}}],"inLanguage":"en-US"},{"@type":"Organization","@id":"https:\/\/www.chateau-cheval-blanc.com\/#organization","name":"Ch\u00e2teau Cheval Blanc","url":"https:\/\/www.chateau-cheval-blanc.com\/","logo":{"@type":"ImageObject","inLanguage":"en-US","@id":"https:\/\/www.chateau-cheval-blanc.com\/#\/schema\/logo\/image\/","url":"https:\/\/www.chateau-cheval-blanc.com\/wp-content\/uploads\/2023\/07\/logo_dark.svg","contentUrl":"https:\/\/www.chateau-cheval-blanc.com\/wp-content\/uploads\/2023\/07\/logo_dark.svg","width":274,"height":42,"caption":"Ch\u00e2teau Cheval Blanc"},"image":{"@id":"https:\/\/www.chateau-cheval-blanc.com\/#\/schema\/logo\/image\/"}}]}},"_links":{"self":[{"href":"https:\/\/www.chateau-cheval-blanc.com\/en\/wp-json\/wp\/v2\/pages\/435","targetHints":{"allow":["GET"]}}],"collection":[{"href":"https:\/\/www.chateau-cheval-blanc.com\/en\/wp-json\/wp\/v2\/pages"}],"about":[{"href":"https:\/\/www.chateau-cheval-blanc.com\/en\/wp-json\/wp\/v2\/types\/page"}],"author":[{"embeddable":true,"href":"https:\/\/www.chateau-cheval-blanc.com\/en\/wp-json\/wp\/v2\/users\/1"}],"replies":[{"embeddable":true,"href":"https:\/\/www.chateau-cheval-blanc.com\/en\/wp-json\/wp\/v2\/comments?post=435"}],"version-history":[{"count":11,"href":"https:\/\/www.chateau-cheval-blanc.com\/en\/wp-json\/wp\/v2\/pages\/435\/revisions"}],"predecessor-version":[{"id":3552,"href":"https:\/\/www.chateau-cheval-blanc.com\/en\/wp-json\/wp\/v2\/pages\/435\/revisions\/3552"}],"wp:attachment":[{"href":"https:\/\/www.chateau-cheval-blanc.com\/en\/wp-json\/wp\/v2\/media?parent=435"}],"curies":[{"name":"wp","href":"https:\/\/api.w.org\/{rel}","templated":true}]}}